{"id":1818,"date":"2018-01-25T17:00:56","date_gmt":"2018-01-25T14:00:56","guid":{"rendered":"https:\/\/bariskilicarslan.com\/?post_type=product&#038;p=1818"},"modified":"2026-04-01T10:31:09","modified_gmt":"2026-04-01T07:31:09","slug":"gayrimenkulun-usta-satiscilari-online-egitim","status":"publish","type":"product","link":"https:\/\/bariskilicarslan.com\/en\/urun\/gayrimenkulun-usta-satiscilari-online-egitim\/","title":{"rendered":"Gayrimenkul\u00fcn Usta Sat\u0131\u015f\u00e7\u0131lar\u0131 Online E\u011fitim"},"content":{"rendered":"","protected":false},"excerpt":{"rendered":"","protected":false},"featured_media":1866,"comment_status":"open","ping_status":"closed","template":"","meta":[],"product_cat":[154],"product_tag":[],"class_list":{"0":"post-1818","1":"product","2":"type-product","3":"status-publish","4":"has-post-thumbnail","6":"product_cat-uncategorized-tr","8":"first","9":"instock","10":"downloadable","11":"virtual","12":"taxable","13":"purchasable","14":"product-type-simple"},"_links":{"self":[{"href":"https:\/\/bariskilicarslan.com\/en\/wp-json\/wp\/v2\/product\/1818","targetHints":{"allow":["GET"]}}],"collection":[{"href":"https:\/\/bariskilicarslan.com\/en\/wp-json\/wp\/v2\/product"}],"about":[{"href":"https:\/\/bariskilicarslan.com\/en\/wp-json\/wp\/v2\/types\/product"}],"replies":[{"embeddable":true,"href":"https:\/\/bariskilicarslan.com\/en\/wp-json\/wp\/v2\/comments?post=1818"}],"wp:featuredmedia":[{"embeddable":true,"href":"https:\/\/bariskilicarslan.com\/en\/wp-json\/wp\/v2\/media\/1866"}],"wp:attachment":[{"href":"https:\/\/bariskilicarslan.com\/en\/wp-json\/wp\/v2\/media?parent=1818"}],"wp:term":[{"taxonomy":"product_cat","embeddable":true,"href":"https:\/\/bariskilicarslan.com\/en\/wp-json\/wp\/v2\/product_cat?post=1818"},{"taxonomy":"product_tag","embeddable":true,"href":"https:\/\/bariskilicarslan.com\/en\/wp-json\/wp\/v2\/product_tag?post=1818"}],"curies":[{"name":"wp","href":"https:\/\/api.w.org\/{rel}","templated":true}]}}