{"id":2770,"date":"2020-11-17T10:21:39","date_gmt":"2020-11-17T07:21:39","guid":{"rendered":"https:\/\/bariskilicarslan.com\/?post_type=product&#038;p=2770"},"modified":"2023-04-20T12:51:10","modified_gmt":"2023-04-20T09:51:10","slug":"2021-basari-kampi","status":"publish","type":"product","link":"https:\/\/bariskilicarslan.com\/en\/urun\/2021-basari-kampi\/","title":{"rendered":"2021 Ba\u015far\u0131 Kamp\u0131"},"content":{"rendered":"<div id=\"tmp_subheadline-43212\" class=\"de elHeadlineWrapper ui-droppable de-editable\" data-de-type=\"headline\" data-de-editing=\"false\" data-title=\"sub-headline\" data-ce=\"true\" data-trigger=\"none\" data-animate=\"fade\" data-delay=\"500\" data-gramm=\"false\" aria-disabled=\"false\">\n<h2 class=\"ne elHeadline hsSize2 lh3 elMargin0 elBGStyle0 hsTextShadow0\" contenteditable=\"false\" data-bold=\"inherit\" data-gramm=\"false\"><b>Ba\u015far\u0131 Kamp\u0131 Size Neler Kazand\u0131racak?<\/b><\/h2>\n<\/div>\n<div id=\"tmp_list-72471\" class=\"de elBullet elMargin0 ui-droppable de-editable\" data-de-type=\"list\" data-de-editing=\"false\" data-title=\"icon bullet list\" data-ce=\"true\" data-trigger=\"none\" data-animate=\"fade\" data-delay=\"500\" data-gramm=\"false\" aria-disabled=\"false\">\n<ul class=\"ne elBulletList elBulletListNew elBulletList2 listBorder0\" contenteditable=\"false\" data-bold=\"inherit\" data-gramm=\"false\">\n<li><i class=\"fa fa-fw fa-check\" contenteditable=\"false\"><\/i>Hayat\u0131nda Netlik Kazan.<\/li>\n<li><i class=\"fa fa-fw fa-check\"><\/i>\u200bMaddi Kazan\u00e7lar\u0131n\u0131 Katla.<\/li>\n<li><i class=\"fa fa-fw fa-check\"><\/i>Enerji Seviyeni En \u00dcste \u00c7\u0131kar ve Sa\u011fl\u0131kl\u0131 Ya\u015fa.<\/li>\n<li><i class=\"fa fa-fw fa-check\"><\/i>Sevdiklerinle \u0130li\u015fkilerini Mutlulu\u011fa \u00c7evir.<\/li>\n<li><i class=\"fa fa-fw fa-check\"><\/i>\u200bK\u00f6t\u00fc Al\u0131\u015fkanl\u0131klar\u0131ndan Kurtul.<\/li>\n<li><i class=\"fa fa-fw fa-check\"><\/i>Ba\u015far\u0131n\u0131 S\u00fcrekli Hale Getir ve \u00c7evrene De\u011fer Kat.<\/li>\n<\/ul>\n<\/div>\n","protected":false},"excerpt":{"rendered":"<div id=\"tmp_subheadline-43212\" class=\"de elHeadlineWrapper ui-droppable de-editable\" data-de-type=\"headline\" data-de-editing=\"false\" data-title=\"sub-headline\" data-ce=\"true\" data-trigger=\"none\" data-animate=\"fade\" data-delay=\"500\" data-gramm=\"false\" aria-disabled=\"false\">\n<h2 class=\"ne elHeadline hsSize2 lh3 elMargin0 elBGStyle0 hsTextShadow0\" contenteditable=\"false\" data-bold=\"inherit\" data-gramm=\"false\"><b>Ba\u015far\u0131 Kamp\u0131 Size Neler Kazand\u0131racak?<\/b><\/h2>\n<\/div>\n<div id=\"tmp_list-72471\" class=\"de elBullet elMargin0 ui-droppable de-editable\" data-de-type=\"list\" data-de-editing=\"false\" data-title=\"icon bullet list\" data-ce=\"true\" data-trigger=\"none\" data-animate=\"fade\" data-delay=\"500\" data-gramm=\"false\" aria-disabled=\"false\">\n<ul class=\"ne elBulletList elBulletListNew elBulletList2 listBorder0\" contenteditable=\"false\" data-bold=\"inherit\" data-gramm=\"false\">\n<li><i class=\"fa fa-fw fa-check\" contenteditable=\"false\"><\/i>Hayat\u0131nda Netlik Kazan.<\/li>\n<li><i class=\"fa fa-fw fa-check\"><\/i>\u200bMaddi Kazan\u00e7lar\u0131n\u0131 Katla.<\/li>\n<li><i class=\"fa fa-fw fa-check\"><\/i>Enerji Seviyeni En \u00dcste \u00c7\u0131kar ve Sa\u011fl\u0131kl\u0131 Ya\u015fa.<\/li>\n<li><i class=\"fa fa-fw fa-check\"><\/i>Sevdiklerinle \u0130li\u015fkilerini Mutlulu\u011fa \u00c7evir.<\/li>\n<li><i class=\"fa fa-fw fa-check\"><\/i>\u200bK\u00f6t\u00fc Al\u0131\u015fkanl\u0131klar\u0131ndan Kurtul.<\/li>\n<li><i class=\"fa fa-fw fa-check\"><\/i>Ba\u015far\u0131n\u0131 S\u00fcrekli Hale Getir ve \u00c7evrene De\u011fer Kat.<\/li>\n<\/ul>\n<\/div>\n","protected":false},"featured_media":0,"comment_status":"open","ping_status":"closed","template":"","meta":[],"product_cat":[154],"product_tag":[],"class_list":{"0":"post-2770","1":"product","2":"type-product","3":"status-publish","5":"product_cat-uncategorized-tr","7":"first","8":"instock","9":"sale","10":"taxable","11":"shipping-taxable","12":"purchasable","13":"product-type-simple"},"_links":{"self":[{"href":"https:\/\/bariskilicarslan.com\/en\/wp-json\/wp\/v2\/product\/2770","targetHints":{"allow":["GET"]}}],"collection":[{"href":"https:\/\/bariskilicarslan.com\/en\/wp-json\/wp\/v2\/product"}],"about":[{"href":"https:\/\/bariskilicarslan.com\/en\/wp-json\/wp\/v2\/types\/product"}],"replies":[{"embeddable":true,"href":"https:\/\/bariskilicarslan.com\/en\/wp-json\/wp\/v2\/comments?post=2770"}],"wp:attachment":[{"href":"https:\/\/bariskilicarslan.com\/en\/wp-json\/wp\/v2\/media?parent=2770"}],"wp:term":[{"taxonomy":"product_cat","embeddable":true,"href":"https:\/\/bariskilicarslan.com\/en\/wp-json\/wp\/v2\/product_cat?post=2770"},{"taxonomy":"product_tag","embeddable":true,"href":"https:\/\/bariskilicarslan.com\/en\/wp-json\/wp\/v2\/product_tag?post=2770"}],"curies":[{"name":"wp","href":"https:\/\/api.w.org\/{rel}","templated":true}]}}