{"id":994,"date":"2017-10-27T18:17:23","date_gmt":"2017-10-27T15:17:23","guid":{"rendered":"https:\/\/bariskilicarslan.com\/?post_type=product&#038;p=994"},"modified":"2024-07-23T13:08:02","modified_gmt":"2024-07-23T10:08:02","slug":"satisin-sifreleri-online-egitim","status":"publish","type":"product","link":"https:\/\/bariskilicarslan.com\/en\/urun\/satisin-sifreleri-online-egitim\/","title":{"rendered":"Sat\u0131\u015f\u0131n \u015eifreleri Online E\u011fitim"},"content":{"rendered":"","protected":false},"excerpt":{"rendered":"","protected":false},"featured_media":1681,"comment_status":"open","ping_status":"closed","template":"","meta":[],"product_cat":[154],"product_tag":[],"class_list":{"0":"post-994","1":"product","2":"type-product","3":"status-publish","4":"has-post-thumbnail","6":"product_cat-uncategorized-tr","8":"first","9":"instock","10":"downloadable","11":"virtual","12":"taxable","13":"purchasable","14":"product-type-simple"},"_links":{"self":[{"href":"https:\/\/bariskilicarslan.com\/en\/wp-json\/wp\/v2\/product\/994","targetHints":{"allow":["GET"]}}],"collection":[{"href":"https:\/\/bariskilicarslan.com\/en\/wp-json\/wp\/v2\/product"}],"about":[{"href":"https:\/\/bariskilicarslan.com\/en\/wp-json\/wp\/v2\/types\/product"}],"replies":[{"embeddable":true,"href":"https:\/\/bariskilicarslan.com\/en\/wp-json\/wp\/v2\/comments?post=994"}],"wp:featuredmedia":[{"embeddable":true,"href":"https:\/\/bariskilicarslan.com\/en\/wp-json\/wp\/v2\/media\/1681"}],"wp:attachment":[{"href":"https:\/\/bariskilicarslan.com\/en\/wp-json\/wp\/v2\/media?parent=994"}],"wp:term":[{"taxonomy":"product_cat","embeddable":true,"href":"https:\/\/bariskilicarslan.com\/en\/wp-json\/wp\/v2\/product_cat?post=994"},{"taxonomy":"product_tag","embeddable":true,"href":"https:\/\/bariskilicarslan.com\/en\/wp-json\/wp\/v2\/product_tag?post=994"}],"curies":[{"name":"wp","href":"https:\/\/api.w.org\/{rel}","templated":true}]}}